{"id":234,"date":"2022-02-24T19:31:06","date_gmt":"2022-02-24T19:31:06","guid":{"rendered":"https:\/\/www.nextcore.com.mx\/?page_id=234"},"modified":"2024-03-13T15:43:22","modified_gmt":"2024-03-13T15:43:22","slug":"aviso-de-privacidad","status":"publish","type":"page","link":"https:\/\/www.nextcore.com.mx\/en\/aviso-de-privacidad\/","title":{"rendered":"Privacy Policy"},"content":{"rendered":"<div data-elementor-type=\"wp-page\" data-elementor-id=\"234\" class=\"elementor elementor-234\" data-elementor-post-type=\"page\">\n\t\t\t\t\t\t<section class=\"elementor-section elementor-top-section elementor-element elementor-element-9114a3f elementor-section-boxed elementor-section-height-default elementor-section-height-default\" data-id=\"9114a3f\" data-element_type=\"section\" data-e-type=\"section\">\n\t\t\t\t\t\t<div class=\"elementor-container elementor-column-gap-default\">\n\t\t\t\t\t<div class=\"elementor-column elementor-col-100 elementor-top-column elementor-element elementor-element-023a27f\" data-id=\"023a27f\" data-element_type=\"column\" data-e-type=\"column\">\n\t\t\t<div class=\"elementor-widget-wrap elementor-element-populated\">\n\t\t\t\t\t\t<div class=\"elementor-element elementor-element-bead65b elementor-widget elementor-widget-heading\" data-id=\"bead65b\" data-element_type=\"widget\" data-e-type=\"widget\" data-widget_type=\"heading.default\">\n\t\t\t\t<div class=\"elementor-widget-container\">\n\t\t\t\t\t<h2 class=\"elementor-heading-title elementor-size-default\">Privacy Policy<\/h2>\t\t\t\t<\/div>\n\t\t\t\t<\/div>\n\t\t\t\t<div class=\"elementor-element elementor-element-9b2ba4e elementor-widget elementor-widget-text-editor\" data-id=\"9b2ba4e\" data-element_type=\"widget\" data-e-type=\"widget\" data-widget_type=\"text-editor.default\">\n\t\t\t\t<div class=\"elementor-widget-container\">\n\t\t\t\t\t\t\t\t\t<p><strong>SIMPLIFIED PRIVACY NOTICE<\/strong><\/p><p>In compliance with the provisions of the Federal Law on Protection of Personal Data Held by Private Parties and its Regulations, we make this Privacy Notice available to you, where we inform you about the obtaining and processing of the personal data that you as the owner of the same provide us.<\/p><p>RESPONSIBLE FOR DATA PROCESSING.<\/p><p><strong>NEXTCORE CONSULTING, S.C.<\/strong> (hereinafter \u201cNEXTCORE\u201d) will be responsible for the processing of your personal data, safeguarding, ensuring its integrity, proper handling, and protection, when they are collected, used, stored and\/or transferred by \u201cNEXTCORE\u201d, for which There will be a continuous review of our information security processes, both physical and electronic.<\/p><p><strong>ADDRESS OF THE RESPONSIBLE.<\/strong><\/p><p>The address authorized by \u201cNEXTCORE\u201d for all legal purposes that may arise in relation to this Privacy Notice will be located at Avenida Insurgentes Sur, number 1871, Office 203, Colonia Guadalupe Inn, Alcald\u00eda \u00c1lvaro Obreg\u00f3n, Postal Code 01020.<\/p><p><strong>PURPOSES OF THE PROCESSING OF YOUR PERSONAL DATA.<\/strong><\/p><p>The data collected will be used for the existence, maintenance and fulfillment of the legal relationships between you or the legal entity you represent and \u201cNEXTCORE\u201d, which will have the purpose of complying and continuing with the established obligations and activities, which will be considered as primary purposes, which includes:<\/p><p>a) Compliance and development of contractual obligations or commercial and service agreements that you have or may establish with \u201cNEXTCORE\u201d, duly verifying your identity.<\/p><p>b) Maintain communication between the parties and, where appropriate, manage the collection and control of the products and services sold.<\/p><p>c) Create files for the identification of clients, suppliers, users, visitors, as well as databases for the provision of services.<\/p><p>d) Provide attention to the products and services offered by the parties and better understand their needs and the way in which we can improve them.<\/p><p>e) Analyze the viability of conducting business or exchanging products and services.<\/p><p>f) Inform and comply with the requirements established by the Law.<\/p><p>g) Provide customer service to users through any of the channels that \u201cNEXTCORE\u201d has or has enabled for these purposes.<\/p><p>h) Manage deliveries of products and services purchased through electronic sales channels, whether at home or in store, according to the user's choice.<\/p><p>i) Manage and control the trading platforms owned by \u201cNEXTCORE\u201d,<\/p><p><strong>PERSONAL DATA PROCESSED.<\/strong><\/p><p>The personal data requested to be able to carry out the purposes described in this privacy notice will be the following:<\/p><p>a) Identification and contact data: Name, address, email, telephone number, CURP, age, sex.<\/p><p>b) Tax Data: RFC, tax address.<\/p><p>c) Financial Data: Account number, Interbank code, RFC, Bank entity name, Bank Branch.<\/p><p>d) Geolocation Data: Information about the location in real time<\/p><p>The owner may consult at any time the terms and conditions under which his or her personal data will be processed in accordance with the contents of the Comprehensive Privacy Notice, which will be available for consultation on the website https:\/\/nextcore.com. mx\/<\/p><p>. The exercise of your ARCO Rights may be carried out through the procedures established in said Comprehensive Privacy Notice.<\/p><p>LAST UPDATE JANUARY 2024.<\/p><p>\u00a0<\/p><p><a href=\"https:\/\/drive.google.com\/file\/d\/1256mtkChGX7wOuX9cgYyj3WFKTSQFv1P\/view?usp=drive_link\">Nextcore Comprehensive Privacy Notice<\/a><\/p><p><a href=\"https:\/\/drive.google.com\/file\/d\/1GGARl0vZ50GpgVxgGHsIBL_XO47OWFGz\/view?usp=drive_link\">Personal Privacy Notice<\/a><\/p><p><a href=\"https:\/\/drive.google.com\/file\/d\/1T4v6sabaJBcq_a9tRtxDzeGKp2FlC216\/view?usp=drive_link\">Privacy Notice For Website<\/a><\/p><p><a href=\"https:\/\/drive.google.com\/file\/d\/1SdzURF3UVjLpSR5drUx8QVGosNxRPWfQ\/view?usp=drive_link\">Recruitment Privacy Notice<\/a><\/p><p><a href=\"https:\/\/drive.google.com\/file\/d\/1Dg5dqXy0lcgkpOiT259WJK2M5t_kDu7x\/view?usp=drive_link\">ARC format<\/a><\/p><p>\u00a0<\/p><p>\u00a0<\/p>\t\t\t\t\t\t\t\t<\/div>\n\t\t\t\t<\/div>\n\t\t\t\t\t<\/div>\n\t\t<\/div>\n\t\t\t\t\t<\/div>\n\t\t<\/section>\n\t\t\t\t<\/div>","protected":false},"excerpt":{"rendered":"<p>Aviso de Privacidad AVISO DE PRIVACIDAD SIMPLIFICADO En cumplimiento a lo dispuesto en la Ley Federal de Protecci\u00f3n de Datos Personales en Posesi\u00f3n de los Particulares y su Reglamento, ponemos a su disposici\u00f3n el presente Aviso de Privacidad, donde le informamos acerca de la obtenci\u00f3n y tratamiento de los datos personales que usted como titular [&hellip;]<\/p>\n","protected":false},"author":1,"featured_media":0,"parent":0,"menu_order":0,"comment_status":"closed","ping_status":"closed","template":"elementor_header_footer","meta":{"_joinchat":[],"footnotes":""},"class_list":["post-234","page","type-page","status-publish","hentry"],"_links":{"self":[{"href":"https:\/\/www.nextcore.com.mx\/en\/wp-json\/wp\/v2\/pages\/234","targetHints":{"allow":["GET"]}}],"collection":[{"href":"https:\/\/www.nextcore.com.mx\/en\/wp-json\/wp\/v2\/pages"}],"about":[{"href":"https:\/\/www.nextcore.com.mx\/en\/wp-json\/wp\/v2\/types\/page"}],"author":[{"embeddable":true,"href":"https:\/\/www.nextcore.com.mx\/en\/wp-json\/wp\/v2\/users\/1"}],"replies":[{"embeddable":true,"href":"https:\/\/www.nextcore.com.mx\/en\/wp-json\/wp\/v2\/comments?post=234"}],"version-history":[{"count":34,"href":"https:\/\/www.nextcore.com.mx\/en\/wp-json\/wp\/v2\/pages\/234\/revisions"}],"predecessor-version":[{"id":2324,"href":"https:\/\/www.nextcore.com.mx\/en\/wp-json\/wp\/v2\/pages\/234\/revisions\/2324"}],"wp:attachment":[{"href":"https:\/\/www.nextcore.com.mx\/en\/wp-json\/wp\/v2\/media?parent=234"}],"curies":[{"name":"wp","href":"https:\/\/api.w.org\/{rel}","templated":true}]}}